{"id":626,"date":"2025-11-05T10:16:28","date_gmt":"2025-11-05T10:16:28","guid":{"rendered":"https:\/\/pepool8644.live-website.com\/?page_id=626"},"modified":"2025-11-05T10:17:47","modified_gmt":"2025-11-05T10:17:47","slug":"datenschutz","status":"publish","type":"page","link":"https:\/\/pe-pool.de\/nl\/datenschutz\/","title":{"rendered":"Gegevensbescherming"},"content":{"rendered":"<style>.elementor-626 .elementor-element.elementor-element-db5cc1b{--display:flex;--flex-direction:column;--container-widget-width:100%;--container-widget-height:initial;--container-widget-flex-grow:0;--container-widget-align-self:initial;--flex-wrap-mobile:wrap;--overlay-opacity:0.5;--margin-top:-115px;--margin-bottom:150px;--margin-left:0px;--margin-right:0px;--padding-top:200px;--padding-bottom:150px;--padding-left:0px;--padding-right:0px;}.elementor-626 .elementor-element.elementor-element-db5cc1b:not(.elementor-motion-effects-element-type-background), .elementor-626 .elementor-element.elementor-element-db5cc1b > .elementor-motion-effects-container > .elementor-motion-effects-layer{background-image:url(\"https:\/\/pe-pool.de\/wp-content\/uploads\/2025\/10\/Untitled-design-56.jpg\");background-position:center center;background-repeat:no-repeat;background-size:cover;}.elementor-626 .elementor-element.elementor-element-db5cc1b::before, .elementor-626 .elementor-element.elementor-element-db5cc1b > .elementor-background-video-container::before, .elementor-626 .elementor-element.elementor-element-db5cc1b > .e-con-inner > .elementor-background-video-container::before, .elementor-626 .elementor-element.elementor-element-db5cc1b > .elementor-background-slideshow::before, .elementor-626 .elementor-element.elementor-element-db5cc1b > .e-con-inner > .elementor-background-slideshow::before, .elementor-626 .elementor-element.elementor-element-db5cc1b > .elementor-motion-effects-container > .elementor-motion-effects-layer::before{background-color:transparent;--background-overlay:'';background-image:linear-gradient(180deg, var( --e-global-color-secondary ) 0%, var( --e-global-color-69e9066 ) 100%);}.elementor-626 .elementor-element.elementor-element-ec1f47c{text-align:center;}.elementor-626 .elementor-element.elementor-element-ec1f47c .elementor-heading-title{font-family:var( --e-global-typography-secondary-font-family ), Sans-serif;font-size:var( --e-global-typography-secondary-font-size );font-weight:var( --e-global-typography-secondary-font-weight );text-transform:var( --e-global-typography-secondary-text-transform );text-decoration:var( --e-global-typography-secondary-text-decoration );line-height:var( --e-global-typography-secondary-line-height );color:var( --e-global-color-accent );}.elementor-626 .elementor-element.elementor-element-c500bbe .elementor-icon-list-items:not(.elementor-inline-items) .elementor-icon-list-item:not(:last-child){padding-block-end:calc(15px\/2);}.elementor-626 .elementor-element.elementor-element-c500bbe .elementor-icon-list-items:not(.elementor-inline-items) .elementor-icon-list-item:not(:first-child){margin-block-start:calc(15px\/2);}.elementor-626 .elementor-element.elementor-element-c500bbe .elementor-icon-list-items.elementor-inline-items .elementor-icon-list-item{margin-inline:calc(15px\/2);}.elementor-626 .elementor-element.elementor-element-c500bbe .elementor-icon-list-items.elementor-inline-items{margin-inline:calc(-15px\/2);}.elementor-626 .elementor-element.elementor-element-c500bbe .elementor-icon-list-items.elementor-inline-items .elementor-icon-list-item:after{inset-inline-end:calc(-15px\/2);}.elementor-626 .elementor-element.elementor-element-c500bbe .elementor-icon-list-icon i{color:var( --e-global-color-accent );transition:color 0.3s;}.elementor-626 .elementor-element.elementor-element-c500bbe .elementor-icon-list-icon svg{fill:var( --e-global-color-accent );transition:fill 0.3s;}.elementor-626 .elementor-element.elementor-element-c500bbe{--e-icon-list-icon-size:16px;--e-icon-list-icon-align:left;--e-icon-list-icon-margin:0 calc(var(--e-icon-list-icon-size, 1em) * 0.25) 0 0;--icon-vertical-align:center;--icon-vertical-offset:0px;}.elementor-626 .elementor-element.elementor-element-c500bbe .elementor-icon-list-icon{padding-inline-end:0px;}.elementor-626 .elementor-element.elementor-element-c500bbe .elementor-icon-list-item > .elementor-icon-list-text, .elementor-626 .elementor-element.elementor-element-c500bbe .elementor-icon-list-item > a{font-family:var( --e-global-typography-2564b5d-font-family ), Sans-serif;font-size:var( --e-global-typography-2564b5d-font-size );font-weight:var( --e-global-typography-2564b5d-font-weight );text-transform:var( --e-global-typography-2564b5d-text-transform );text-decoration:var( --e-global-typography-2564b5d-text-decoration );line-height:var( --e-global-typography-2564b5d-line-height );}.elementor-626 .elementor-element.elementor-element-c500bbe .elementor-icon-list-text{color:var( --e-global-color-accent );transition:color 0.3s;}.elementor-626 .elementor-element.elementor-element-597bb63{--display:flex;--flex-direction:column;--container-widget-width:100%;--container-widget-height:initial;--container-widget-flex-grow:0;--container-widget-align-self:initial;--flex-wrap-mobile:wrap;--margin-top:150px;--margin-bottom:150px;--margin-left:0px;--margin-right:0px;--padding-top:0px;--padding-bottom:0px;--padding-left:0px;--padding-right:0px;}@media(min-width:768px){.elementor-626 .elementor-element.elementor-element-db5cc1b{--content-width:1290px;}.elementor-626 .elementor-element.elementor-element-597bb63{--content-width:1290px;}}@media(max-width:1024px){.elementor-626 .elementor-element.elementor-element-db5cc1b{--margin-top:-130px;--margin-bottom:150px;--margin-left:0px;--margin-right:0px;--padding-top:200px;--padding-bottom:100px;--padding-left:20px;--padding-right:20px;}.elementor-626 .elementor-element.elementor-element-ec1f47c .elementor-heading-title{font-size:var( --e-global-typography-secondary-font-size );line-height:var( --e-global-typography-secondary-line-height );}.elementor-626 .elementor-element.elementor-element-c500bbe .elementor-icon-list-item > .elementor-icon-list-text, .elementor-626 .elementor-element.elementor-element-c500bbe .elementor-icon-list-item > a{font-size:var( --e-global-typography-2564b5d-font-size );line-height:var( --e-global-typography-2564b5d-line-height );}.elementor-626 .elementor-element.elementor-element-597bb63{--padding-top:0px;--padding-bottom:0px;--padding-left:20px;--padding-right:20px;}}@media(max-width:767px){.elementor-626 .elementor-element.elementor-element-ec1f47c .elementor-heading-title{font-size:var( --e-global-typography-secondary-font-size );line-height:var( --e-global-typography-secondary-line-height );}.elementor-626 .elementor-element.elementor-element-c500bbe .elementor-icon-list-item > .elementor-icon-list-text, .elementor-626 .elementor-element.elementor-element-c500bbe .elementor-icon-list-item > a{font-size:var( --e-global-typography-2564b5d-font-size );line-height:var( --e-global-typography-2564b5d-line-height );}.elementor-626 .elementor-element.elementor-element-597bb63{--margin-top:0px;--margin-bottom:0px;--margin-left:0px;--margin-right:0px;}}<\/style>\t\t<div data-elementor-type=\"wp-page\" data-elementor-id=\"626\" class=\"elementor elementor-626\" data-elementor-post-type=\"page\">\n\t\t\t\t<div class=\"elementor-element elementor-element-db5cc1b e-flex e-con-boxed e-con e-parent\" data-id=\"db5cc1b\" data-element_type=\"container\" data-settings=\"{&quot;background_background&quot;:&quot;classic&quot;}\">\n\t\t\t\t\t<div class=\"e-con-inner\">\n\t\t\t\t<div class=\"elementor-element elementor-element-ec1f47c elementor-widget elementor-widget-heading\" data-id=\"ec1f47c\" data-element_type=\"widget\" data-widget_type=\"heading.default\">\n\t\t\t\t\t<h2 class=\"elementor-heading-title elementor-size-default\">Gegevensbescherming<\/h2>\t\t\t\t<\/div>\n\t\t\t\t<div class=\"elementor-element elementor-element-c500bbe elementor-icon-list--layout-inline elementor-align-center elementor-list-item-link-full_width elementor-widget elementor-widget-icon-list\" data-id=\"c500bbe\" data-element_type=\"widget\" data-widget_type=\"icon-list.default\">\n\t\t\t\t\t\t\t<ul class=\"elementor-icon-list-items elementor-inline-items\">\n\t\t\t\t\t\t\t<li class=\"elementor-icon-list-item elementor-inline-item\">\n\t\t\t\t\t\t\t\t\t\t<span class=\"elementor-icon-list-text\">Home <\/span>\n\t\t\t\t\t\t\t\t\t<\/li>\n\t\t\t\t\t\t\t\t<li class=\"elementor-icon-list-item elementor-inline-item\">\n\t\t\t\t\t\t\t\t\t\t\t<span class=\"elementor-icon-list-icon\">\n\t\t\t\t\t\t\t<svg aria-hidden=\"true\" class=\"e-font-icon-svg e-fas-chevron-right\" viewbox=\"0 0 320 512\" xmlns=\"http:\/\/www.w3.org\/2000\/svg\"><path d=\"M285.476 272.971L91.132 467.314c-9.373 9.373-24.569 9.373-33.941 0l-22.667-22.667c-9.357-9.357-9.375-24.522-.04-33.901L188.505 256 34.484 101.255c-9.335-9.379-9.317-24.544.04-33.901l22.667-22.667c9.373-9.373 24.569-9.373 33.941 0L285.475 239.03c9.373 9.372 9.373 24.568.001 33.941z\"><\/path><\/svg>\t\t\t\t\t\t<\/span>\n\t\t\t\t\t\t\t\t\t\t<span class=\"elementor-icon-list-text\">Gegevensbescherming<\/span>\n\t\t\t\t\t\t\t\t\t<\/li>\n\t\t\t\t\t\t<\/ul>\n\t\t\t\t\t\t<\/div>\n\t\t\t\t\t<\/div>\n\t\t\t\t<\/div>\n\t\t<div class=\"elementor-element elementor-element-597bb63 e-flex e-con-boxed e-con e-parent\" data-id=\"597bb63\" data-element_type=\"container\">\n\t\t\t\t\t<div class=\"e-con-inner\">\n\t\t\t\t<div class=\"elementor-element elementor-element-d7b8b21 elementor-widget elementor-widget-text-editor\" data-id=\"d7b8b21\" data-element_type=\"widget\" data-widget_type=\"text-editor.default\">\n\t\t\t\t\t\t\t\t\t<div class=\"datenschutz-content\">\n \n\n  <h3>Geltungsbereich<\/h3>\n  <p>Diese Datenschutzerkl\u00e4rung kl\u00e4rt Nutzer \u00fcber die Art, den Umfang und Zwecke der Erhebung und Verwendung personenbezogener Daten durch den verantwortlichen Anbieter<\/p>\n  <p><strong>PE System Pools Deutschland &#8211; Eine Marke der Bauunternehmung DORR GmbH<\/strong><br>\n  Carl-Zuckmayer-Stra\u00dfe 29<br>\n  56288 Kastellaun<\/p>\n  <p>Tel: +491717472710<br>\n  E-Mail: vetrieb@pe-pool.de<\/p>\n  <p>auf dieser Website (im folgenden \u201cAngebot\u201d) auf. Die rechtlichen Grundlagen des Datenschutzes finden sich in der Datenschutz-Grundverordnung (DSGVO) und dem Telemediengesetz (TMG).<\/p>\n\n  <h3>Zugriffsdaten\/ Server-Logfiles<\/h3>\n  <p>Der Anbieter (beziehungsweise sein Webspace-Provider) erhebt Daten \u00fcber jeden Zugriff auf das Angebot (so genannte Serverlogfiles) f\u00fcr statistische Auswertungen zum Zweck des Betriebs, der Sicherheit und der Optimierung des Angebotes. Zu den Zugriffsdaten geh\u00f6ren:<\/p>\n  <ul>\n    <li>Name der aufgerufenen Webseite<\/li>\n    <li>Datum und Uhrzeit der Serveranfrage<\/li>\n    <li>Browsertyp und Browserversion<\/li>\n    <li>verwendetes Betriebssystem<\/li>\n    <li>IP-Adresse und der anfragende Provider<\/li>\n    <li>Referrer-URL (Internetadresse, der zuvor besuchten Seite)<\/li>\n    <li>Name der abgerufenen Datei und \u00fcbertragene Datenmenge<\/li>\n    <li>Meldung, ob der Abruf erfolgreich war<\/li>\n  <\/ul>\n  <p>Der Anbieter beh\u00e4lt sich vor, die Protokolldaten nachtr\u00e4glich zu \u00fcberpr\u00fcfen, wenn aufgrund konkreter Anhaltspunkte der berechtigte Verdacht einer rechtswidrigen Nutzung besteht. Eine Zusammenf\u00fchrung dieser Daten mit anderen Datenquellen wird nicht vorgenommen.<\/p>\n  <p>Grundlage f\u00fcr die Datenverarbeitung ist Art. 6 Abs. 1 lit. b DSGVO, der die Verarbeitung von Daten zur Erf\u00fcllung eines Vertrags oder vorvertraglicher Ma\u00dfnahmen gestattet.<\/p>\n  <p>Ein l\u00fcckenloser Schutz Ihrer Daten vor dem Zugriff durch Dritte kann bei der Daten\u00fcbertragung im Internet (z.B. E-Mail Kommunikation) durch m\u00f6gliche Sicherheitsl\u00fccken nicht gew\u00e4hrleistet werden.<\/p>\n\n  <h3>Umgang mit personenbezogenen Daten<\/h3>\n  <p>Bei der Nutzung der Webseite werden vertrauliche, personenbezogene Daten erhoben, die eine pers\u00f6nliche Identifizierung erm\u00f6glichen k\u00f6nnen. Hierunter fallen beispielsweise Name, Telefonnummer, Anschrift, sowie s\u00e4mtliche Daten, die Sie uns bei der Registrierung, Zahlungsabwicklung, Durchf\u00fchrung eines Vertrages und beim Anlegen Ihres Kundenkontos \u00fcbermitteln.<\/p>\n\n  <h3>SSL-Verschl\u00fcsselung<\/h3>\n  <p>Um die Sicherheit Ihrer pers\u00f6nlichen Daten bei \u00dcbertragung zu sch\u00fctzen, benutzen wir eine SSL-Verschl\u00fcsselung (Secure Socket Layer).<\/p>\n\n  <h3>Cookies<\/h3>\n  <p>Cookies sind kleine Textdateien, die es erm\u00f6glichen, auf dem Zugriffsger\u00e4t der Nutzer spezifische, auf das Ger\u00e4t bezogene Informationen zu speichern. Sie dienen zum einem der Benutzerfreundlichkeit von Webseiten und damit den Nutzern (z.B. Speicherung von Logindaten). Zum anderen dienen sie, um die statistischen Daten der Webseitennutzung zu erfassen und sie zwecks Verbesserung des Angebotes analysieren zu k\u00f6nnen. Grunds\u00e4tzlich unterscheidet man zwischen zwei verschiedenen Arten von Cookies, sogenannte Session-Cookies, die gel\u00f6scht werden, sobald Sie Ihren Browser schlie\u00dfen und Cookies, die bis zur L\u00f6schung durch Sie auf Ihrem Endger\u00e4t gespeichert werden. Die Nutzer k\u00f6nnen auf den Einsatz der Cookies Einfluss nehmen. Die meisten Browser verf\u00fcgen \u00fcber eine Option mit der das Speichern von Cookies eingeschr\u00e4nkt oder komplett verhindert werden kann. Jedoch weisen wir darauf hin, dass unsere Webseite und Service nur eingeschr\u00e4nkte funktioniert, wenn Sie den Einsatz von Cookies unterbinden.<\/p>\n  <p>Cookies, die zur Durchf\u00fchrung des elektronischen Kommunikationsvorgangs oder zur Bereitstellung bestimmter, von Ihnen erw\u00fcnschter Funktionen (z.B. Warenkorbfunktion) erforderlich sind, werden auf Grundlage von Art. 6 Abs. 1 lit. f DSGVO gespeichert. Der Websitebetreiber hat ein berechtigtes Interesse an der Speicherung von Cookies zur technisch fehlerfreien und optimierten Bereitstellung seiner Dienste.<\/p>\n  <p>Sie k\u00f6nnen viele Online-Anzeigen-Cookies von Unternehmen \u00fcber die US-amerikanische Seite aboutads.info\/choices oder die EU-Seite youronlinechoices.com\/uk\/your-ad-choices verwalten.<\/p>\n  <p>Cookie-Einstellungen widerrufen<\/p>\n\n  <h3>Einbindung von Diensten und Inhalten Dritter<\/h3>\n  <p>Es kann vorkommen, dass innerhalb dieses Angebots Inhalte Dritter, wie zum Beispiel Videos von YouTube, Kartenmaterial von Google-Maps, RSS-Feeds oder Grafiken von anderen Webseiten eingebunden werden. Dies setzt immer voraus, dass die Anbieter dieser Inhalte (nachfolgend bezeichnet als &#8222;Dritt-Anbieter&#8220;) die IP-Adresse der Nutzer wahrnehmen. Denn ohne die IP-Adresse, k\u00f6nnten sie die Inhalte nicht an den Browser des jeweiligen Nutzers senden. Die IP-Adresse ist damit f\u00fcr die Darstellung dieser Inhalte erforderlich. Wir bem\u00fchen uns nur solche Inhalte zu verwenden, deren jeweilige Anbieter die IP-Adresse lediglich zur Auslieferung der Inhalte verwenden. Jedoch haben wir keinen Einfluss darauf, falls die Dritt-Anbieter die IP-Adresse z.B. f\u00fcr statistische Zwecke speichern. Soweit dies uns bekannt ist, kl\u00e4ren wir die Nutzer dar\u00fcber auf.<\/p>\n\n  <h3>Einsatz von JavaScript<\/h3>\n  <p>Auf dieser Website verwenden wir aktive JavaScript-Inhalte von externen Anbietern. Durch Aufruf unserer Internetseite erhalten diese externen Anbieter ggf. personenbezogene Informationen \u00fcber Ihren Besuch auf unserer Internetseite. Hierbei ist eine Verarbeitung von Daten au\u00dferhalb der EU m\u00f6glich. Sie k\u00f6nnen dies verhindern, indem Sie einen JavaScript-Blocker wie z.B. das Browser-Plugin &#8218;NoScript&#8216; installieren (www.noscript.net) oder JavaScript in Ihrem Browser deaktivieren. Jedoch weisen wir darauf hin, dass unsere Webseite und Service nur eingeschr\u00e4nkte funktioniert, wenn Sie den Einsatz von JavaScript unterbinden.<\/p>\n\n  <h3>Kontaktaufnahme<\/h3>\n  <p>Bei der Kontaktaufnahme mit dem Anbieter (zum Beispiel per Kontaktformular oder E-Mail) werden die Angaben des Nutzers zwecks Bearbeitung der Anfrage sowie f\u00fcr den Fall, dass Anschlussfragen entstehen, gespeichert. Diese Daten werden nicht ohne Ihre Einwilligung weitergegeben.<\/p>\n  <p>Die Verarbeitung Ihrer Daten, die Sie bei einer Kontaktaufnahme \u00fcbermitteln, erfolgt auf Grundlage Ihrer Einwilligung (Art. 6 Abs. 1 lit. a DSGVO). Ihre Einwilligung kann jederzeit widerrufen werden. Die Rechtm\u00e4\u00dfigkeit der bis zum Widerruf erfolgten Datenverarbeitungsvorg\u00e4nge bleibt vom Widerruf unber\u00fchrt.<\/p>\n  <p>Solange keine Aufforderung zur Datenl\u00f6schung erfolgt, die Einwilligung zur Speicherung widerrufen wird oder der Zweck f\u00fcr die Datenspeicherung entf\u00e4llt, verbleiben die bei der Kontaktaufnahme \u00fcbermittelten Daten bei uns. Gesetzliche Aufbewahrungsfristen bleiben unber\u00fchrt.<\/p>\n\n  <h3>Registrierfunktion<\/h3>\n  <p>Die im Rahmen der Registrierung eingegebenen Daten werden ausschlie\u00dflich f\u00fcr die Bestellabwicklung verwendet. Die erhobenen Daten sind aus der Eingabemaske im Rahmen der Registrierung ersichtlich.<\/p>\n  <p>F\u00fcr wichtige \u00c4nderungen etwa beim Angebotsumfang oder bei technisch notwendigen \u00c4nderungen nutzen wir die bei der Registrierung angegebene E-Mail-Adresse, um Sie auf diesem Wege zu informieren. Die Verarbeitung der f\u00fcr die Registrierung notwendigen eingegebenen Daten erfolgt auf Grundlage Ihrer Einwilligung (Art. 6 Abs. 1 lit. a DSGVO). Ihre Einwilligung kann jederzeit widerrufen werden. Die Rechtm\u00e4\u00dfigkeit der bis zum Widerruf erfolgten Datenverarbeitungsvorg\u00e4nge bleibt vom Widerruf unber\u00fchrt.<\/p>\n  <p>Ihre Registrierungsdaten bleiben bei uns gespeichert, solange keine Aufforderung zur Datenl\u00f6schung erfolgt oder die Einwilligung zur Speicherung widerrufen wird. Gesetzliche Aufbewahrungsfristen bleiben unber\u00fchrt.<\/p>\n\n  <h3>Daten\u00fcbermittlung bei Vertragsschluss (Gutscheinbestellung)<\/h3>\n  <p>Wir \u00fcbermitteln personenbezogene Daten an Dritte nur dann, wenn dies im Rahmen der Vertragsabwicklung notwendig ist, etwa an die mit der Zahlungsabwicklung beauftragte Zahlungsplattform, den Dienstleister zur Abwicklung des Postversands und an den mit der Gutscheinabwicklung beauftragten Dienstleister.<\/p>\n  <p>Eine weitergehende \u00dcbermittlung der Daten erfolgt nicht bzw. nur dann, wenn Sie der \u00dcbermittlung ausdr\u00fccklich zugestimmt haben. Eine Weitergabe Ihrer Daten an Dritte ohne ausdr\u00fcckliche Einwilligung, etwa zu Werbezwecken, erfolgt nicht. Grundlage f\u00fcr die Datenverarbeitung ist Art. 6 Abs. 1 lit. b DSGVO, der die Verarbeitung von Daten zur Erf\u00fcllung eines Vertrags oder vorvertraglicher Ma\u00dfnahmen gestattet.<\/p>\n\n  <h3>Datenweitergabe an Versandunternehmen<\/h3>\n  <p>Zur Vertragserf\u00fcllung geben wir Ihre Daten (Anrede, Name, Firma, Rechnungsadresse, Versandadresse, Foto und Widmung) beim Versand des Gutscheins per Post an das mit der Erstellung und Lieferung beauftragte Versandunternehmen weiter:<\/p>\n  <p>Gutscheinversand per Post<\/p>\n  <p>A&#038;M Service GmbH<br>\n  Hinter dem Entenpfuhl 13\/15<br>\n  65604 Elz<br>\n  Deutschland<br>\n  info@a-m-service.de<\/p>\n\n  <h3>Datenweitergabe an Zahlungsanbieter<\/h3>\n  <p>Die Weitergabe Ihrer Daten erfolgt ausschlie\u00dflich \u00fcber eine sichere SSL-Verschl\u00fcsslung an den von Ihnen im Bestellprozess ausgew\u00e4hlten Zahlungsanbieter zum Zwecke der Zahlungsabwicklung.<\/p>\n  <p>Die \u00dcbermittlung Ihrer Daten an die Zahlungsanbieter erfolgt auf Grundlage von Art. 6 Abs. 1 lit. a DSGVO (Einwilligung) und Art. 6 Abs. 1 lit. b DSGVO (Verarbeitung zur Erf\u00fcllung eines Vertrags). Sie haben die M\u00f6glichkeit, Ihre Einwilligung zur Datenverarbeitung jederzeit zu widerrufen. Ein Widerruf wirkt sich auf die Wirksamkeit von in der Vergangenheit liegenden Datenverarbeitungsvorg\u00e4ngen nicht aus.<\/p>\n\n  <h3>Umfrage-Tool<\/h3>\n  <p>Durch die Teilnahme an unserer Umfrage, erkl\u00e4ren Sie sich mit den in dieser Erkl\u00e4rung beschriebenen Bedingungen einverstanden.<\/p>\n  <p><strong>1. Datenspeicherung<\/strong><\/p>\n  <p>Die von Ihnen in unserer Umfrage bereitgestellten Daten werden von uns gespeichert. Diese Daten k\u00f6nnen pers\u00f6nliche Informationen wie Ihren Namen, Ihre Kontaktinformationen und andere relevante Angaben enthalten.<\/p>\n  <p><strong>2. Zwecke der Datenerhebung:<\/strong><\/p>\n  <p>Die erfassten Daten werden f\u00fcr verschiedene Zwecke verwendet, darunter:<\/p>\n  <ul>\n    <li>a. Werbliche Zwecke: Wir k\u00f6nnen Ihre Daten verwenden, um Ihnen Informationen \u00fcber unsere Produkte, Dienstleistungen, Sonderangebote oder andere relevante Inhalte zuzusenden.<\/li>\n    <li>b. Kundenumfrage: Ihre Daten k\u00f6nnen verwendet werden, um Sie im Zusammenhang mit einer Kundenumfrage zu kontaktieren, um Ihr Feedback und Ihre Meinungen zu unseren Produkten oder Dienstleistungen zu erhalten.<\/li>\n    <li>c. Bewerbungsverfahren: Handelt es sich um eine Umfrage f\u00fcr Stellenanzeigen, werden Ihre Daten f\u00fcr den Auswahlprozess und die Kontaktaufnahme im Zusammenhang mit Ihrer Bewerbung verwendet.<\/li>\n  <\/ul>\n  <p><strong>3. Weitergabe von Daten:<\/strong><\/p>\n  <p>Wir werden Ihre Daten nicht an Dritte weitergeben, es sei denn, dies ist gesetzlich vorgeschrieben oder erforderlich, um unsere Dienstleistungen ordnungsgem\u00e4\u00df zu erbringen. Ihre Daten werden auf unseren eigenen sicheren Servern gehostet und sorgf\u00e4ltig gesch\u00fctzt.<\/p>\n  <p><strong>4. Datenschutz und Sicherheit:<\/strong><\/p>\n  <p>Wir nehmen den Schutz Ihrer Daten ernst und setzen angemessene technische und organisatorische Ma\u00dfnahmen ein, um sicherzustellen, dass Ihre Daten sicher und vor unbefugtem Zugriff gesch\u00fctzt sind.<\/p>\n  <p><strong>5. Ihre Rechte:<\/strong><\/p>\n  <p>Sie haben das Recht auf Auskunft \u00fcber die von uns gespeicherten Daten sowie auf Berichtigung, L\u00f6schung oder Einschr\u00e4nkung der Verarbeitung Ihrer Daten. Bei Fragen oder Anliegen zur Datenschutzpraxis k\u00f6nnen Sie sich gerne an uns wenden.<\/p>\n\n  <h3>Widerruf, \u00c4nderungen, L\u00f6schung und Auskunftsrecht<\/h3>\n  <p>Der Nutzer hat im Rahmen der geltenden gesetzlichen Bestimmungen das Recht, auf Antrag unentgeltlich Auskunft zu erhalten \u00fcber die personenbezogenen Daten, deren Herkunft und Empf\u00e4nger und den Zweck der Datenverarbeitung. Zus\u00e4tzlich hat der Nutzer das Recht auf Berichtigung unrichtiger Daten, Sperrung und L\u00f6schung seiner personenbezogenen Daten, soweit dem keine gesetzliche Aufbewahrungspflicht entgegensteht.<\/p>\n<\/div>\t\t\t\t\t\t\t\t<\/div>\n\t\t\t\t\t<\/div>\n\t\t\t\t<\/div>\n\t\t\t\t<\/div>","protected":false},"excerpt":{"rendered":"<p>Datenschutz Home Datenschutz Geltungsbereich Diese Datenschutzerkl\u00e4rung kl\u00e4rt Nutzer \u00fcber die Art, den Umfang und Zwecke der Erhebung und Verwendung personenbezogener Daten durch den verantwortlichen Anbieter PE System Pools Deutschland &#8211; Eine Marke der Bauunternehmung DORR GmbH Carl-Zuckmayer-Stra\u00dfe 29 56288 Kastellaun Tel: +491717472710 E-Mail: vetrieb@pe-pool.de auf dieser Website (im folgenden \u201cAngebot\u201d) auf. Die rechtlichen Grundlagen des [&hellip;]<\/p>","protected":false},"author":1,"featured_media":0,"parent":0,"menu_order":0,"comment_status":"closed","ping_status":"closed","template":"elementor_header_footer","meta":{"footnotes":""},"class_list":["post-626","page","type-page","status-publish","hentry"],"_links":{"self":[{"href":"https:\/\/pe-pool.de\/nl\/wp-json\/wp\/v2\/pages\/626","targetHints":{"allow":["GET"]}}],"collection":[{"href":"https:\/\/pe-pool.de\/nl\/wp-json\/wp\/v2\/pages"}],"about":[{"href":"https:\/\/pe-pool.de\/nl\/wp-json\/wp\/v2\/types\/page"}],"author":[{"embeddable":true,"href":"https:\/\/pe-pool.de\/nl\/wp-json\/wp\/v2\/users\/1"}],"replies":[{"embeddable":true,"href":"https:\/\/pe-pool.de\/nl\/wp-json\/wp\/v2\/comments?post=626"}],"version-history":[{"count":4,"href":"https:\/\/pe-pool.de\/nl\/wp-json\/wp\/v2\/pages\/626\/revisions"}],"predecessor-version":[{"id":631,"href":"https:\/\/pe-pool.de\/nl\/wp-json\/wp\/v2\/pages\/626\/revisions\/631"}],"wp:attachment":[{"href":"https:\/\/pe-pool.de\/nl\/wp-json\/wp\/v2\/media?parent=626"}],"curies":[{"name":"wp","href":"https:\/\/api.w.org\/{rel}","templated":true}]}}