{"id":617,"date":"2025-11-05T10:13:53","date_gmt":"2025-11-05T10:13:53","guid":{"rendered":"https:\/\/pepool8644.live-website.com\/?page_id=617"},"modified":"2025-11-05T10:16:06","modified_gmt":"2025-11-05T10:16:06","slug":"impressum","status":"publish","type":"page","link":"https:\/\/pe-pool.de\/en\/impressum\/","title":{"rendered":"Imprint"},"content":{"rendered":"<style>.elementor-617 .elementor-element.elementor-element-125afc0{--display:flex;--flex-direction:column;--container-widget-width:100%;--container-widget-height:initial;--container-widget-flex-grow:0;--container-widget-align-self:initial;--flex-wrap-mobile:wrap;--overlay-opacity:0.5;--margin-top:-115px;--margin-bottom:150px;--margin-left:0px;--margin-right:0px;--padding-top:200px;--padding-bottom:150px;--padding-left:0px;--padding-right:0px;}.elementor-617 .elementor-element.elementor-element-125afc0:not(.elementor-motion-effects-element-type-background), .elementor-617 .elementor-element.elementor-element-125afc0 > .elementor-motion-effects-container > .elementor-motion-effects-layer{background-image:url(\"https:\/\/pe-pool.de\/wp-content\/uploads\/2025\/10\/Untitled-design-56.jpg\");background-position:center center;background-repeat:no-repeat;background-size:cover;}.elementor-617 .elementor-element.elementor-element-125afc0::before, .elementor-617 .elementor-element.elementor-element-125afc0 > .elementor-background-video-container::before, .elementor-617 .elementor-element.elementor-element-125afc0 > .e-con-inner > .elementor-background-video-container::before, .elementor-617 .elementor-element.elementor-element-125afc0 > .elementor-background-slideshow::before, .elementor-617 .elementor-element.elementor-element-125afc0 > .e-con-inner > .elementor-background-slideshow::before, .elementor-617 .elementor-element.elementor-element-125afc0 > .elementor-motion-effects-container > .elementor-motion-effects-layer::before{background-color:transparent;--background-overlay:'';background-image:linear-gradient(180deg, var( --e-global-color-secondary ) 0%, var( --e-global-color-69e9066 ) 100%);}.elementor-617 .elementor-element.elementor-element-7ac3fd4{text-align:center;}.elementor-617 .elementor-element.elementor-element-7ac3fd4 .elementor-heading-title{font-family:var( --e-global-typography-secondary-font-family ), Sans-serif;font-size:var( --e-global-typography-secondary-font-size );font-weight:var( --e-global-typography-secondary-font-weight );text-transform:var( --e-global-typography-secondary-text-transform );text-decoration:var( --e-global-typography-secondary-text-decoration );line-height:var( --e-global-typography-secondary-line-height );color:var( --e-global-color-accent );}.elementor-617 .elementor-element.elementor-element-076d12d .elementor-icon-list-items:not(.elementor-inline-items) .elementor-icon-list-item:not(:last-child){padding-block-end:calc(15px\/2);}.elementor-617 .elementor-element.elementor-element-076d12d .elementor-icon-list-items:not(.elementor-inline-items) .elementor-icon-list-item:not(:first-child){margin-block-start:calc(15px\/2);}.elementor-617 .elementor-element.elementor-element-076d12d .elementor-icon-list-items.elementor-inline-items .elementor-icon-list-item{margin-inline:calc(15px\/2);}.elementor-617 .elementor-element.elementor-element-076d12d .elementor-icon-list-items.elementor-inline-items{margin-inline:calc(-15px\/2);}.elementor-617 .elementor-element.elementor-element-076d12d .elementor-icon-list-items.elementor-inline-items .elementor-icon-list-item:after{inset-inline-end:calc(-15px\/2);}.elementor-617 .elementor-element.elementor-element-076d12d .elementor-icon-list-icon i{color:var( --e-global-color-accent );transition:color 0.3s;}.elementor-617 .elementor-element.elementor-element-076d12d .elementor-icon-list-icon svg{fill:var( --e-global-color-accent );transition:fill 0.3s;}.elementor-617 .elementor-element.elementor-element-076d12d{--e-icon-list-icon-size:16px;--e-icon-list-icon-align:left;--e-icon-list-icon-margin:0 calc(var(--e-icon-list-icon-size, 1em) * 0.25) 0 0;--icon-vertical-align:center;--icon-vertical-offset:0px;}.elementor-617 .elementor-element.elementor-element-076d12d .elementor-icon-list-icon{padding-inline-end:0px;}.elementor-617 .elementor-element.elementor-element-076d12d .elementor-icon-list-item > .elementor-icon-list-text, .elementor-617 .elementor-element.elementor-element-076d12d .elementor-icon-list-item > a{font-family:var( --e-global-typography-2564b5d-font-family ), Sans-serif;font-size:var( --e-global-typography-2564b5d-font-size );font-weight:var( --e-global-typography-2564b5d-font-weight );text-transform:var( --e-global-typography-2564b5d-text-transform );text-decoration:var( --e-global-typography-2564b5d-text-decoration );line-height:var( --e-global-typography-2564b5d-line-height );}.elementor-617 .elementor-element.elementor-element-076d12d .elementor-icon-list-text{color:var( --e-global-color-accent );transition:color 0.3s;}.elementor-617 .elementor-element.elementor-element-e88dbf9{--display:flex;--flex-direction:column;--container-widget-width:100%;--container-widget-height:initial;--container-widget-flex-grow:0;--container-widget-align-self:initial;--flex-wrap-mobile:wrap;--margin-top:150px;--margin-bottom:150px;--margin-left:0px;--margin-right:0px;--padding-top:0px;--padding-bottom:0px;--padding-left:0px;--padding-right:0px;}@media(min-width:768px){.elementor-617 .elementor-element.elementor-element-125afc0{--content-width:1290px;}.elementor-617 .elementor-element.elementor-element-e88dbf9{--content-width:1290px;}}@media(max-width:1024px){.elementor-617 .elementor-element.elementor-element-125afc0{--margin-top:-130px;--margin-bottom:150px;--margin-left:0px;--margin-right:0px;--padding-top:200px;--padding-bottom:100px;--padding-left:20px;--padding-right:20px;}.elementor-617 .elementor-element.elementor-element-7ac3fd4 .elementor-heading-title{font-size:var( --e-global-typography-secondary-font-size );line-height:var( --e-global-typography-secondary-line-height );}.elementor-617 .elementor-element.elementor-element-076d12d .elementor-icon-list-item > .elementor-icon-list-text, .elementor-617 .elementor-element.elementor-element-076d12d .elementor-icon-list-item > a{font-size:var( --e-global-typography-2564b5d-font-size );line-height:var( --e-global-typography-2564b5d-line-height );}.elementor-617 .elementor-element.elementor-element-e88dbf9{--padding-top:0px;--padding-bottom:0px;--padding-left:20px;--padding-right:20px;}}@media(max-width:767px){.elementor-617 .elementor-element.elementor-element-7ac3fd4 .elementor-heading-title{font-size:var( --e-global-typography-secondary-font-size );line-height:var( --e-global-typography-secondary-line-height );}.elementor-617 .elementor-element.elementor-element-076d12d .elementor-icon-list-item > .elementor-icon-list-text, .elementor-617 .elementor-element.elementor-element-076d12d .elementor-icon-list-item > a{font-size:var( --e-global-typography-2564b5d-font-size );line-height:var( --e-global-typography-2564b5d-line-height );}.elementor-617 .elementor-element.elementor-element-e88dbf9{--margin-top:0px;--margin-bottom:0px;--margin-left:0px;--margin-right:0px;}}<\/style>\t\t<div data-elementor-type=\"wp-page\" data-elementor-id=\"617\" class=\"elementor elementor-617\" data-elementor-post-type=\"page\">\n\t\t\t\t<div class=\"elementor-element elementor-element-125afc0 e-flex e-con-boxed e-con e-parent\" data-id=\"125afc0\" data-element_type=\"container\" data-settings=\"{&quot;background_background&quot;:&quot;classic&quot;}\">\n\t\t\t\t\t<div class=\"e-con-inner\">\n\t\t\t\t<div class=\"elementor-element elementor-element-7ac3fd4 elementor-widget elementor-widget-heading\" data-id=\"7ac3fd4\" data-element_type=\"widget\" data-widget_type=\"heading.default\">\n\t\t\t\t\t<h2 class=\"elementor-heading-title elementor-size-default\">Imprint<\/h2>\t\t\t\t<\/div>\n\t\t\t\t<div class=\"elementor-element elementor-element-076d12d elementor-icon-list--layout-inline elementor-align-center elementor-list-item-link-full_width elementor-widget elementor-widget-icon-list\" data-id=\"076d12d\" data-element_type=\"widget\" data-widget_type=\"icon-list.default\">\n\t\t\t\t\t\t\t<ul class=\"elementor-icon-list-items elementor-inline-items\">\n\t\t\t\t\t\t\t<li class=\"elementor-icon-list-item elementor-inline-item\">\n\t\t\t\t\t\t\t\t\t\t<span class=\"elementor-icon-list-text\">Home <\/span>\n\t\t\t\t\t\t\t\t\t<\/li>\n\t\t\t\t\t\t\t\t<li class=\"elementor-icon-list-item elementor-inline-item\">\n\t\t\t\t\t\t\t\t\t\t\t<span class=\"elementor-icon-list-icon\">\n\t\t\t\t\t\t\t<svg aria-hidden=\"true\" class=\"e-font-icon-svg e-fas-chevron-right\" viewbox=\"0 0 320 512\" xmlns=\"http:\/\/www.w3.org\/2000\/svg\"><path d=\"M285.476 272.971L91.132 467.314c-9.373 9.373-24.569 9.373-33.941 0l-22.667-22.667c-9.357-9.357-9.375-24.522-.04-33.901L188.505 256 34.484 101.255c-9.335-9.379-9.317-24.544.04-33.901l22.667-22.667c9.373-9.373 24.569-9.373 33.941 0L285.475 239.03c9.373 9.372 9.373 24.568.001 33.941z\"><\/path><\/svg>\t\t\t\t\t\t<\/span>\n\t\t\t\t\t\t\t\t\t\t<span class=\"elementor-icon-list-text\">Imprint<\/span>\n\t\t\t\t\t\t\t\t\t<\/li>\n\t\t\t\t\t\t<\/ul>\n\t\t\t\t\t\t<\/div>\n\t\t\t\t\t<\/div>\n\t\t\t\t<\/div>\n\t\t<div class=\"elementor-element elementor-element-e88dbf9 e-flex e-con-boxed e-con e-parent\" data-id=\"e88dbf9\" data-element_type=\"container\">\n\t\t\t\t\t<div class=\"e-con-inner\">\n\t\t\t\t<div class=\"elementor-element elementor-element-7a0f6f3 elementor-widget elementor-widget-text-editor\" data-id=\"7a0f6f3\" data-element_type=\"widget\" data-widget_type=\"text-editor.default\">\n\t\t\t\t\t\t\t\t\t<div class=\"impressum-content\">\n\n<h3>Herausgeber<\/h3>\n<strong>PE System Pools Deutschland &#8211; Eine Marke der Bauunternehmung DORR GmbH<\/strong>\nCarl-Zuckmayer-Stra\u00dfe 29\n56288 Kastellaun\n\nTel: +491717472710\nE-Mail: vetrieb@pe-pool.de\n\nHandwerksrolle Hwk Koblenz: Mauer und Betonbau, Estrichleger, Fliesen, Platten- und Mosaikleger\n<h3>Gesch\u00e4ftsf\u00fchrer<\/h3>\nJohannes Dorr\n<h3>Handelsregister<\/h3>\nBad Kreuznach HRB 23555\n<h3>Haftung f\u00fcr Inhalte<\/h3>\nAls Diensteanbieter sind wir gem\u00e4\u00df \u00a7 7 Abs.1 TMG f\u00fcr eigene Inhalte auf diesen Seiten nach den allgemeinen Gesetzen verantwortlich. Nach \u00a7\u00a7 8 bis 10 TMG sind wir als Diensteanbieter jedoch nicht verpflichtet, \u00fcbermittelte oder gespeicherte fremde Informationen zu \u00fcberwachen oder nach Umst\u00e4nden zu forschen, die auf eine rechtswidrige T\u00e4tigkeit hinweisen.\n\nVerpflichtungen zur Entfernung oder Sperrung der Nutzung von Informationen nach den allgemeinen Gesetzen bleiben hiervon unber\u00fchrt. Eine diesbez\u00fcgliche Haftung ist jedoch erst ab dem Zeitpunkt der Kenntnis einer konkreten Rechtsverletzung m\u00f6glich. Bei Bekanntwerden von entsprechenden Rechtsverletzungen werden wir diese Inhalte umgehend entfernen.\n<h3>Haftung f\u00fcr Links<\/h3>\nUnser Angebot enth\u00e4lt Links zu externen Websites Dritter, auf deren Inhalte wir keinen Einfluss haben. Deshalb k\u00f6nnen wir f\u00fcr diese fremden Inhalte auch keine Gew\u00e4hr \u00fcbernehmen. F\u00fcr die Inhalte der verlinkten Seiten ist stets der jeweilige Anbieter oder Betreiber der Seiten verantwortlich. Die verlinkten Seiten wurden zum Zeitpunkt der Verlinkung auf m\u00f6gliche Rechtsverst\u00f6\u00dfe \u00fcberpr\u00fcft. Rechtswidrige Inhalte waren zum Zeitpunkt der Verlinkung nicht erkennbar.\n\nEine permanente inhaltliche Kontrolle der verlinkten Seiten ist jedoch ohne konkrete Anhaltspunkte einer Rechtsverletzung nicht zumutbar. Bei Bekanntwerden von Rechtsverletzungen werden wir derartige Links umgehend entfernen.\n<h3>Urheberrecht<\/h3>\nDie durch die Seitenbetreiber erstellten Inhalte und Werke auf diesen Seiten unterliegen dem deutschen Urheberrecht. Die Vervielf\u00e4ltigung, Bearbeitung, Verbreitung und jede Art der Verwertung au\u00dferhalb der Grenzen des Urheberrechtes bed\u00fcrfen der schriftlichen Zustimmung des jeweiligen Autors bzw. Erstellers. Downloads und Kopien dieser Seite sind nur f\u00fcr den privaten, nicht kommerziellen Gebrauch gestattet.\n\nSoweit die Inhalte auf dieser Seite nicht vom Betreiber erstellt wurden, werden die Urheberrechte Dritter beachtet. Insbesondere werden Inhalte Dritter als solche gekennzeichnet. Sollten Sie trotzdem auf eine Urheberrechtsverletzung aufmerksam werden, bitten wir um einen entsprechenden Hinweis. Bei Bekanntwerden von Rechtsverletzungen werden wir derartige Inhalte umgehend entfernen.\n<h3>Verbraucherstreitbeilegung \/ Universalschlichtungsstelle<\/h3>\nWir sind nicht bereit oder verpflichtet, an Streitbeilegungsverfahren vor einer Verbraucherschlichtungsstelle teilzunehmen.\n\n<\/div>\t\t\t\t\t\t\t\t<\/div>\n\t\t\t\t\t<\/div>\n\t\t\t\t<\/div>\n\t\t\t\t<\/div>","protected":false},"excerpt":{"rendered":"<p>Impressum Home Impressum Herausgeber PE System Pools Deutschland &#8211; Eine Marke der Bauunternehmung DORR GmbH Carl-Zuckmayer-Stra\u00dfe 29 56288 Kastellaun Tel: +491717472710 E-Mail: vetrieb@pe-pool.de Handwerksrolle Hwk Koblenz: Mauer und Betonbau, Estrichleger, Fliesen, Platten- und Mosaikleger Gesch\u00e4ftsf\u00fchrer Johannes Dorr Handelsregister Bad Kreuznach HRB 23555 Haftung f\u00fcr Inhalte Als Diensteanbieter sind wir gem\u00e4\u00df \u00a7 7 Abs.1 TMG f\u00fcr [&hellip;]<\/p>","protected":false},"author":1,"featured_media":0,"parent":0,"menu_order":0,"comment_status":"closed","ping_status":"closed","template":"elementor_header_footer","meta":{"footnotes":""},"class_list":["post-617","page","type-page","status-publish","hentry"],"_links":{"self":[{"href":"https:\/\/pe-pool.de\/en\/wp-json\/wp\/v2\/pages\/617","targetHints":{"allow":["GET"]}}],"collection":[{"href":"https:\/\/pe-pool.de\/en\/wp-json\/wp\/v2\/pages"}],"about":[{"href":"https:\/\/pe-pool.de\/en\/wp-json\/wp\/v2\/types\/page"}],"author":[{"embeddable":true,"href":"https:\/\/pe-pool.de\/en\/wp-json\/wp\/v2\/users\/1"}],"replies":[{"embeddable":true,"href":"https:\/\/pe-pool.de\/en\/wp-json\/wp\/v2\/comments?post=617"}],"version-history":[{"count":7,"href":"https:\/\/pe-pool.de\/en\/wp-json\/wp\/v2\/pages\/617\/revisions"}],"predecessor-version":[{"id":625,"href":"https:\/\/pe-pool.de\/en\/wp-json\/wp\/v2\/pages\/617\/revisions\/625"}],"wp:attachment":[{"href":"https:\/\/pe-pool.de\/en\/wp-json\/wp\/v2\/media?parent=617"}],"curies":[{"name":"wp","href":"https:\/\/api.w.org\/{rel}","templated":true}]}}